{"id":2961,"date":"2026-03-04T23:16:48","date_gmt":"2026-03-04T23:16:48","guid":{"rendered":"https:\/\/bogexplore.com\/?post_type=product&#038;p=2961"},"modified":"2026-03-10T02:32:16","modified_gmt":"2026-03-10T02:32:16","slug":"bike-tour-bogota","status":"publish","type":"product","link":"https:\/\/bogexplore.com\/en_us\/product\/bike-tour-bogota\/","title":{"rendered":"Bike Tour in Bogot\u00e1"},"content":{"rendered":"<p data-start=\"97\" data-end=\"561\">Descubre Bogot\u00e1 de una forma activa y aut\u00e9ntica con nuestro Bike Tour guiado. Recorre aproximadamente 22 km por algunas de las zonas m\u00e1s emblem\u00e1ticas de la ciudad, pasando por lugares ic\u00f3nicos como el Parque Sim\u00f3n Bol\u00edvar, el barrio Teusaquillo, Chapinero, la Plaza de Lourdes, el Estadio El Camp\u00edn y la Biblioteca Virgilio Barco. Durante el recorrido tambi\u00e9n conocer\u00e1s curiosidades culturales como la famosa Casa de Betty la Fea y la tradicional Granja Marielita.<\/p>\n<p data-start=\"563\" data-end=\"792\">El tour tiene una duraci\u00f3n aproximada de <strong data-start=\"604\" data-end=\"619\">3 a 4 horas<\/strong> e incluye <strong data-start=\"630\" data-end=\"724\">bicicleta MTB, casco, gu\u00eda profesional, refrigerio, souvenir y seguro de asistencia m\u00e9dica<\/strong>, para que disfrutes la experiencia con total seguridad y comodidad.<\/p>","protected":false},"excerpt":{"rendered":"<p>Descubre Bogot\u00e1 de una forma activa y aut\u00e9ntica con nuestro  [&#8230;]<\/p>\n","protected":false},"featured_media":2962,"comment_status":"open","ping_status":"closed","template":"","meta":{"_ayudawp_aiss_exclude":false},"product_brand":[],"product_cat":[69],"product_tag":[],"class_list":{"0":"post-2961","1":"product","2":"type-product","3":"status-publish","4":"has-post-thumbnail","6":"product_cat-oferta-especial","8":"first","9":"instock","10":"taxable","11":"shipping-taxable","12":"purchasable","13":"product-type-simple"},"yoast_head":"<!-- This site is optimized with the Yoast SEO Premium plugin v26.8 (Yoast SEO v27.1.1) - https:\/\/yoast.com\/product\/yoast-seo-premium-wordpress\/ -->\n<title>Bike Tour por Bogot\u00e1 - Bogexplore<\/title>\n<meta name=\"robots\" content=\"index, follow, max-snippet:-1, max-image-preview:large, max-video-preview:-1\" \/>\n<link rel=\"canonical\" href=\"https:\/\/bogexplore.com\/en_us\/product\/bike-tour-bogota\/\" \/>\n<meta property=\"og:locale\" content=\"en_US\" \/>\n<meta property=\"og:type\" content=\"article\" \/>\n<meta property=\"og:title\" content=\"Bike Tour por Bogot\u00e1\" \/>\n<meta property=\"og:description\" content=\"Descubre Bogot\u00e1 de una forma activa y aut\u00e9ntica con nuestro [...]\" \/>\n<meta property=\"og:url\" content=\"https:\/\/bogexplore.com\/en_us\/product\/bike-tour-bogota\/\" \/>\n<meta property=\"og:site_name\" content=\"Bogexplore\" \/>\n<meta property=\"article:publisher\" content=\"https:\/\/www.facebook.com\/Bogexplore\/?locale=es_LA\" \/>\n<meta property=\"article:modified_time\" content=\"2026-03-10T02:32:16+00:00\" \/>\n<meta property=\"og:image\" content=\"https:\/\/bogexplore.com\/web\/wp-content\/uploads\/2026\/03\/05112023-DSC_5008.jpg\" \/>\n\t<meta property=\"og:image:width\" content=\"1080\" \/>\n\t<meta property=\"og:image:height\" content=\"1080\" \/>\n\t<meta property=\"og:image:type\" content=\"image\/jpeg\" \/>\n<meta name=\"twitter:card\" content=\"summary_large_image\" \/>\n<meta name=\"twitter:label1\" content=\"Est. reading time\" \/>\n\t<meta name=\"twitter:data1\" content=\"1 minute\" \/>\n<script type=\"application\/ld+json\" class=\"yoast-schema-graph\">{\"@context\":\"https:\/\/schema.org\",\"@graph\":[{\"@type\":\"WebPage\",\"@id\":\"https:\/\/bogexplore.com\/producto\/bike-tour-bogota\/\",\"url\":\"https:\/\/bogexplore.com\/producto\/bike-tour-bogota\/\",\"name\":\"Bike Tour por Bogot\u00e1 - Bogexplore\",\"isPartOf\":{\"@id\":\"https:\/\/bogexplore.com\/#website\"},\"primaryImageOfPage\":{\"@id\":\"https:\/\/bogexplore.com\/producto\/bike-tour-bogota\/#primaryimage\"},\"image\":{\"@id\":\"https:\/\/bogexplore.com\/producto\/bike-tour-bogota\/#primaryimage\"},\"thumbnailUrl\":\"https:\/\/bogexplore.com\/web\/wp-content\/uploads\/2026\/03\/05112023-DSC_5008.jpg\",\"datePublished\":\"2026-03-04T23:16:48+00:00\",\"dateModified\":\"2026-03-10T02:32:16+00:00\",\"breadcrumb\":{\"@id\":\"https:\/\/bogexplore.com\/producto\/bike-tour-bogota\/#breadcrumb\"},\"inLanguage\":\"en-US\",\"potentialAction\":[{\"@type\":\"ReadAction\",\"target\":[\"https:\/\/bogexplore.com\/producto\/bike-tour-bogota\/\"]}]},{\"@type\":\"ImageObject\",\"inLanguage\":\"en-US\",\"@id\":\"https:\/\/bogexplore.com\/producto\/bike-tour-bogota\/#primaryimage\",\"url\":\"https:\/\/bogexplore.com\/web\/wp-content\/uploads\/2026\/03\/05112023-DSC_5008.jpg\",\"contentUrl\":\"https:\/\/bogexplore.com\/web\/wp-content\/uploads\/2026\/03\/05112023-DSC_5008.jpg\",\"width\":1080,\"height\":1080},{\"@type\":\"BreadcrumbList\",\"@id\":\"https:\/\/bogexplore.com\/producto\/bike-tour-bogota\/#breadcrumb\",\"itemListElement\":[{\"@type\":\"ListItem\",\"position\":1,\"name\":\"Portada\",\"item\":\"https:\/\/bogexplore.com\/\"},{\"@type\":\"ListItem\",\"position\":2,\"name\":\"Tienda\",\"item\":\"https:\/\/bogexplore.com\/tienda\/\"},{\"@type\":\"ListItem\",\"position\":3,\"name\":\"Bike Tour por Bogot\u00e1\"}]},{\"@type\":\"WebSite\",\"@id\":\"https:\/\/bogexplore.com\/#website\",\"url\":\"https:\/\/bogexplore.com\/\",\"name\":\"Bogexplore\",\"description\":\"Agencia de Viajes y Operadora de Turismo en Bogot\u00e1, Colombia\",\"publisher\":{\"@id\":\"https:\/\/bogexplore.com\/#organization\"},\"potentialAction\":[{\"@type\":\"SearchAction\",\"target\":{\"@type\":\"EntryPoint\",\"urlTemplate\":\"https:\/\/bogexplore.com\/?s={search_term_string}\"},\"query-input\":{\"@type\":\"PropertyValueSpecification\",\"valueRequired\":true,\"valueName\":\"search_term_string\"}}],\"inLanguage\":\"en-US\"},{\"@type\":\"Organization\",\"@id\":\"https:\/\/bogexplore.com\/#organization\",\"name\":\"Bogexplore\",\"alternateName\":\"Bogexplore\",\"url\":\"https:\/\/bogexplore.com\/\",\"logo\":{\"@type\":\"ImageObject\",\"inLanguage\":\"en-US\",\"@id\":\"https:\/\/bogexplore.com\/#\/schema\/logo\/image\/\",\"url\":\"https:\/\/bogexplore.com\/web\/wp-content\/uploads\/2024\/12\/cropped-favicon.png\",\"contentUrl\":\"https:\/\/bogexplore.com\/web\/wp-content\/uploads\/2024\/12\/cropped-favicon.png\",\"width\":512,\"height\":512,\"caption\":\"Bogexplore\"},\"image\":{\"@id\":\"https:\/\/bogexplore.com\/#\/schema\/logo\/image\/\"},\"sameAs\":[\"https:\/\/www.facebook.com\/Bogexplore\/?locale=es_LA\"],\"description\":\"Desde 2009, ofrecemos experiencias inolvidables que resaltan la cultura, la historia y la gastronom\u00eda de Colombia.\",\"email\":\"contactenos@bogexplore.com\",\"telephone\":\"+57 320 915 7155\",\"legalName\":\"bogexplore\"}]}<\/script>\n<!-- \/ Yoast SEO Premium plugin. -->","yoast_head_json":{"title":"Bike Tour por Bogot\u00e1 - Bogexplore","robots":{"index":"index","follow":"follow","max-snippet":"max-snippet:-1","max-image-preview":"max-image-preview:large","max-video-preview":"max-video-preview:-1"},"canonical":"https:\/\/bogexplore.com\/en_us\/product\/bike-tour-bogota\/","og_locale":"en_US","og_type":"article","og_title":"Bike Tour por Bogot\u00e1","og_description":"Descubre Bogot\u00e1 de una forma activa y aut\u00e9ntica con nuestro [...]","og_url":"https:\/\/bogexplore.com\/en_us\/product\/bike-tour-bogota\/","og_site_name":"Bogexplore","article_publisher":"https:\/\/www.facebook.com\/Bogexplore\/?locale=es_LA","article_modified_time":"2026-03-10T02:32:16+00:00","og_image":[{"width":1080,"height":1080,"url":"https:\/\/bogexplore.com\/web\/wp-content\/uploads\/2026\/03\/05112023-DSC_5008.jpg","type":"image\/jpeg"}],"twitter_card":"summary_large_image","twitter_misc":{"Est. reading time":"1 minute"},"schema":{"@context":"https:\/\/schema.org","@graph":[{"@type":"WebPage","@id":"https:\/\/bogexplore.com\/producto\/bike-tour-bogota\/","url":"https:\/\/bogexplore.com\/producto\/bike-tour-bogota\/","name":"Bike Tour por Bogot\u00e1 - Bogexplore","isPartOf":{"@id":"https:\/\/bogexplore.com\/#website"},"primaryImageOfPage":{"@id":"https:\/\/bogexplore.com\/producto\/bike-tour-bogota\/#primaryimage"},"image":{"@id":"https:\/\/bogexplore.com\/producto\/bike-tour-bogota\/#primaryimage"},"thumbnailUrl":"https:\/\/bogexplore.com\/web\/wp-content\/uploads\/2026\/03\/05112023-DSC_5008.jpg","datePublished":"2026-03-04T23:16:48+00:00","dateModified":"2026-03-10T02:32:16+00:00","breadcrumb":{"@id":"https:\/\/bogexplore.com\/producto\/bike-tour-bogota\/#breadcrumb"},"inLanguage":"en-US","potentialAction":[{"@type":"ReadAction","target":["https:\/\/bogexplore.com\/producto\/bike-tour-bogota\/"]}]},{"@type":"ImageObject","inLanguage":"en-US","@id":"https:\/\/bogexplore.com\/producto\/bike-tour-bogota\/#primaryimage","url":"https:\/\/bogexplore.com\/web\/wp-content\/uploads\/2026\/03\/05112023-DSC_5008.jpg","contentUrl":"https:\/\/bogexplore.com\/web\/wp-content\/uploads\/2026\/03\/05112023-DSC_5008.jpg","width":1080,"height":1080},{"@type":"BreadcrumbList","@id":"https:\/\/bogexplore.com\/producto\/bike-tour-bogota\/#breadcrumb","itemListElement":[{"@type":"ListItem","position":1,"name":"Portada","item":"https:\/\/bogexplore.com\/"},{"@type":"ListItem","position":2,"name":"Tienda","item":"https:\/\/bogexplore.com\/tienda\/"},{"@type":"ListItem","position":3,"name":"Bike Tour por Bogot\u00e1"}]},{"@type":"WebSite","@id":"https:\/\/bogexplore.com\/#website","url":"https:\/\/bogexplore.com\/","name":"Bogexplore","description":"Agencia de Viajes y Operadora de Turismo en Bogot\u00e1, Colombia","publisher":{"@id":"https:\/\/bogexplore.com\/#organization"},"potentialAction":[{"@type":"SearchAction","target":{"@type":"EntryPoint","urlTemplate":"https:\/\/bogexplore.com\/?s={search_term_string}"},"query-input":{"@type":"PropertyValueSpecification","valueRequired":true,"valueName":"search_term_string"}}],"inLanguage":"en-US"},{"@type":"Organization","@id":"https:\/\/bogexplore.com\/#organization","name":"Bogexplore","alternateName":"Bogexplore","url":"https:\/\/bogexplore.com\/","logo":{"@type":"ImageObject","inLanguage":"en-US","@id":"https:\/\/bogexplore.com\/#\/schema\/logo\/image\/","url":"https:\/\/bogexplore.com\/web\/wp-content\/uploads\/2024\/12\/cropped-favicon.png","contentUrl":"https:\/\/bogexplore.com\/web\/wp-content\/uploads\/2024\/12\/cropped-favicon.png","width":512,"height":512,"caption":"Bogexplore"},"image":{"@id":"https:\/\/bogexplore.com\/#\/schema\/logo\/image\/"},"sameAs":["https:\/\/www.facebook.com\/Bogexplore\/?locale=es_LA"],"description":"Since 2009, we\u2019ve been offering unforgettable experiences that highlight Colombia\u2019s culture, history, and cuisine.","email":"contactenos@bogexplore.com","telephone":"+57 320 915 7155","legalName":"bogexplore"}]}},"_links":{"self":[{"href":"https:\/\/bogexplore.com\/en_us\/wp-json\/wp\/v2\/product\/2961","targetHints":{"allow":["GET"]}}],"collection":[{"href":"https:\/\/bogexplore.com\/en_us\/wp-json\/wp\/v2\/product"}],"about":[{"href":"https:\/\/bogexplore.com\/en_us\/wp-json\/wp\/v2\/types\/product"}],"replies":[{"embeddable":true,"href":"https:\/\/bogexplore.com\/en_us\/wp-json\/wp\/v2\/comments?post=2961"}],"wp:featuredmedia":[{"embeddable":true,"href":"https:\/\/bogexplore.com\/en_us\/wp-json\/wp\/v2\/media\/2962"}],"wp:attachment":[{"href":"https:\/\/bogexplore.com\/en_us\/wp-json\/wp\/v2\/media?parent=2961"}],"wp:term":[{"taxonomy":"product_brand","embeddable":true,"href":"https:\/\/bogexplore.com\/en_us\/wp-json\/wp\/v2\/product_brand?post=2961"},{"taxonomy":"product_cat","embeddable":true,"href":"https:\/\/bogexplore.com\/en_us\/wp-json\/wp\/v2\/product_cat?post=2961"},{"taxonomy":"product_tag","embeddable":true,"href":"https:\/\/bogexplore.com\/en_us\/wp-json\/wp\/v2\/product_tag?post=2961"}],"curies":[{"name":"wp","href":"https:\/\/api.w.org\/{rel}","templated":true}]}}