{"id":2987,"date":"2026-03-05T16:49:33","date_gmt":"2026-03-05T16:49:33","guid":{"rendered":"https:\/\/bogexplore.com\/?post_type=product&#038;p=2987"},"modified":"2026-04-08T17:15:04","modified_gmt":"2026-04-08T17:15:04","slug":"city-tour-por-bogota","status":"publish","type":"product","link":"https:\/\/bogexplore.com\/en_us\/product\/city-tour-por-bogota\/","title":{"rendered":"City Tour in Bogot\u00e1"},"content":{"rendered":"<p data-start=\"99\" data-end=\"473\">Explora los lugares m\u00e1s emblem\u00e1ticos de la capital colombiana en un completo City Tour por Bogot\u00e1. El recorrido inicia con recogida en el hotel y un tour panor\u00e1mico por la ciudad hasta llegar al centro hist\u00f3rico, donde conocer\u00e1s el tradicional barrio La Candelaria y sitios ic\u00f3nicos como el Chorro de Quevedo, la Plaza de la Concordia, el Museo Botero y la Plaza de Bol\u00edvar.<\/p>\n<p data-start=\"475\" data-end=\"891\" data-is-last-node=\"\" data-is-only-node=\"\">Durante la experiencia tambi\u00e9n tendr\u00e1s la opci\u00f3n de visitar el Cerro de Monserrate y el Museo del Oro, dos de los atractivos m\u00e1s representativos de la ciudad, adem\u00e1s de disfrutar de un almuerzo t\u00edpico si lo deseas. El tour tiene una duraci\u00f3n aproximada de <strong data-start=\"731\" data-end=\"742\">6 hrs<\/strong> e incluye <strong data-start=\"753\" data-end=\"838\">transporte en veh\u00edculo compartido, gu\u00eda profesional y seguro de asistencia m\u00e9dica<\/strong>, para que descubras Bogot\u00e1 de forma c\u00f3moda y segura.<\/p>","protected":false},"excerpt":{"rendered":"<p>Explora los lugares m\u00e1s emblem\u00e1ticos de la capital colombiana en  [&#8230;]<\/p>\n","protected":false},"featured_media":2988,"comment_status":"open","ping_status":"closed","template":"","meta":{"_ayudawp_aiss_exclude":false},"product_brand":[],"product_cat":[69],"product_tag":[],"class_list":{"0":"post-2987","1":"product","2":"type-product","3":"status-publish","4":"has-post-thumbnail","6":"product_cat-oferta-especial","8":"first","9":"instock","10":"taxable","11":"shipping-taxable","12":"purchasable","13":"product-type-simple"},"yoast_head":"<!-- This site is optimized with the Yoast SEO Premium plugin v26.8 (Yoast SEO v27.1.1) - https:\/\/yoast.com\/product\/yoast-seo-premium-wordpress\/ -->\n<title>City Tour por Bogot\u00e1 - Bogexplore<\/title>\n<meta name=\"robots\" content=\"index, follow, max-snippet:-1, max-image-preview:large, max-video-preview:-1\" \/>\n<link rel=\"canonical\" href=\"https:\/\/bogexplore.com\/en_us\/product\/city-tour-por-bogota\/\" \/>\n<meta property=\"og:locale\" content=\"en_US\" \/>\n<meta property=\"og:type\" content=\"article\" \/>\n<meta property=\"og:title\" content=\"City Tour por Bogot\u00e1\" \/>\n<meta property=\"og:description\" content=\"Explora los lugares m\u00e1s emblem\u00e1ticos de la capital colombiana en [...]\" \/>\n<meta property=\"og:url\" content=\"https:\/\/bogexplore.com\/en_us\/product\/city-tour-por-bogota\/\" \/>\n<meta property=\"og:site_name\" content=\"Bogexplore\" \/>\n<meta property=\"article:publisher\" content=\"https:\/\/www.facebook.com\/Bogexplore\/?locale=es_LA\" \/>\n<meta property=\"article:modified_time\" content=\"2026-04-08T17:15:04+00:00\" \/>\n<meta property=\"og:image\" content=\"https:\/\/bogexplore.com\/web\/wp-content\/uploads\/2026\/03\/18102023-DSC_4427.jpg\" \/>\n\t<meta property=\"og:image:width\" content=\"1228\" \/>\n\t<meta property=\"og:image:height\" content=\"1228\" \/>\n\t<meta property=\"og:image:type\" content=\"image\/jpeg\" \/>\n<meta name=\"twitter:card\" content=\"summary_large_image\" \/>\n<meta name=\"twitter:label1\" content=\"Est. reading time\" \/>\n\t<meta name=\"twitter:data1\" content=\"1 minute\" \/>\n<script type=\"application\/ld+json\" class=\"yoast-schema-graph\">{\"@context\":\"https:\/\/schema.org\",\"@graph\":[{\"@type\":\"WebPage\",\"@id\":\"https:\/\/bogexplore.com\/producto\/city-tour-por-bogota\/\",\"url\":\"https:\/\/bogexplore.com\/producto\/city-tour-por-bogota\/\",\"name\":\"City Tour por Bogot\u00e1 - Bogexplore\",\"isPartOf\":{\"@id\":\"https:\/\/bogexplore.com\/#website\"},\"primaryImageOfPage\":{\"@id\":\"https:\/\/bogexplore.com\/producto\/city-tour-por-bogota\/#primaryimage\"},\"image\":{\"@id\":\"https:\/\/bogexplore.com\/producto\/city-tour-por-bogota\/#primaryimage\"},\"thumbnailUrl\":\"https:\/\/bogexplore.com\/web\/wp-content\/uploads\/2026\/03\/18102023-DSC_4427.jpg\",\"datePublished\":\"2026-03-05T16:49:33+00:00\",\"dateModified\":\"2026-04-08T17:15:04+00:00\",\"breadcrumb\":{\"@id\":\"https:\/\/bogexplore.com\/producto\/city-tour-por-bogota\/#breadcrumb\"},\"inLanguage\":\"en-US\",\"potentialAction\":[{\"@type\":\"ReadAction\",\"target\":[\"https:\/\/bogexplore.com\/producto\/city-tour-por-bogota\/\"]}]},{\"@type\":\"ImageObject\",\"inLanguage\":\"en-US\",\"@id\":\"https:\/\/bogexplore.com\/producto\/city-tour-por-bogota\/#primaryimage\",\"url\":\"https:\/\/bogexplore.com\/web\/wp-content\/uploads\/2026\/03\/18102023-DSC_4427.jpg\",\"contentUrl\":\"https:\/\/bogexplore.com\/web\/wp-content\/uploads\/2026\/03\/18102023-DSC_4427.jpg\",\"width\":1228,\"height\":1228},{\"@type\":\"BreadcrumbList\",\"@id\":\"https:\/\/bogexplore.com\/producto\/city-tour-por-bogota\/#breadcrumb\",\"itemListElement\":[{\"@type\":\"ListItem\",\"position\":1,\"name\":\"Portada\",\"item\":\"https:\/\/bogexplore.com\/\"},{\"@type\":\"ListItem\",\"position\":2,\"name\":\"Tienda\",\"item\":\"https:\/\/bogexplore.com\/tienda\/\"},{\"@type\":\"ListItem\",\"position\":3,\"name\":\"City Tour por Bogot\u00e1\"}]},{\"@type\":\"WebSite\",\"@id\":\"https:\/\/bogexplore.com\/#website\",\"url\":\"https:\/\/bogexplore.com\/\",\"name\":\"Bogexplore\",\"description\":\"Agencia de Viajes y Operadora de Turismo en Bogot\u00e1, Colombia\",\"publisher\":{\"@id\":\"https:\/\/bogexplore.com\/#organization\"},\"potentialAction\":[{\"@type\":\"SearchAction\",\"target\":{\"@type\":\"EntryPoint\",\"urlTemplate\":\"https:\/\/bogexplore.com\/?s={search_term_string}\"},\"query-input\":{\"@type\":\"PropertyValueSpecification\",\"valueRequired\":true,\"valueName\":\"search_term_string\"}}],\"inLanguage\":\"en-US\"},{\"@type\":\"Organization\",\"@id\":\"https:\/\/bogexplore.com\/#organization\",\"name\":\"Bogexplore\",\"alternateName\":\"Bogexplore\",\"url\":\"https:\/\/bogexplore.com\/\",\"logo\":{\"@type\":\"ImageObject\",\"inLanguage\":\"en-US\",\"@id\":\"https:\/\/bogexplore.com\/#\/schema\/logo\/image\/\",\"url\":\"https:\/\/bogexplore.com\/web\/wp-content\/uploads\/2024\/12\/cropped-favicon.png\",\"contentUrl\":\"https:\/\/bogexplore.com\/web\/wp-content\/uploads\/2024\/12\/cropped-favicon.png\",\"width\":512,\"height\":512,\"caption\":\"Bogexplore\"},\"image\":{\"@id\":\"https:\/\/bogexplore.com\/#\/schema\/logo\/image\/\"},\"sameAs\":[\"https:\/\/www.facebook.com\/Bogexplore\/?locale=es_LA\"],\"description\":\"Desde 2009, ofrecemos experiencias inolvidables que resaltan la cultura, la historia y la gastronom\u00eda de Colombia.\",\"email\":\"contactenos@bogexplore.com\",\"telephone\":\"+57 320 915 7155\",\"legalName\":\"bogexplore\"}]}<\/script>\n<!-- \/ Yoast SEO Premium plugin. -->","yoast_head_json":{"title":"City Tour por Bogot\u00e1 - Bogexplore","robots":{"index":"index","follow":"follow","max-snippet":"max-snippet:-1","max-image-preview":"max-image-preview:large","max-video-preview":"max-video-preview:-1"},"canonical":"https:\/\/bogexplore.com\/en_us\/product\/city-tour-por-bogota\/","og_locale":"en_US","og_type":"article","og_title":"City Tour por Bogot\u00e1","og_description":"Explora los lugares m\u00e1s emblem\u00e1ticos de la capital colombiana en [...]","og_url":"https:\/\/bogexplore.com\/en_us\/product\/city-tour-por-bogota\/","og_site_name":"Bogexplore","article_publisher":"https:\/\/www.facebook.com\/Bogexplore\/?locale=es_LA","article_modified_time":"2026-04-08T17:15:04+00:00","og_image":[{"width":1228,"height":1228,"url":"https:\/\/bogexplore.com\/web\/wp-content\/uploads\/2026\/03\/18102023-DSC_4427.jpg","type":"image\/jpeg"}],"twitter_card":"summary_large_image","twitter_misc":{"Est. reading time":"1 minute"},"schema":{"@context":"https:\/\/schema.org","@graph":[{"@type":"WebPage","@id":"https:\/\/bogexplore.com\/producto\/city-tour-por-bogota\/","url":"https:\/\/bogexplore.com\/producto\/city-tour-por-bogota\/","name":"City Tour por Bogot\u00e1 - Bogexplore","isPartOf":{"@id":"https:\/\/bogexplore.com\/#website"},"primaryImageOfPage":{"@id":"https:\/\/bogexplore.com\/producto\/city-tour-por-bogota\/#primaryimage"},"image":{"@id":"https:\/\/bogexplore.com\/producto\/city-tour-por-bogota\/#primaryimage"},"thumbnailUrl":"https:\/\/bogexplore.com\/web\/wp-content\/uploads\/2026\/03\/18102023-DSC_4427.jpg","datePublished":"2026-03-05T16:49:33+00:00","dateModified":"2026-04-08T17:15:04+00:00","breadcrumb":{"@id":"https:\/\/bogexplore.com\/producto\/city-tour-por-bogota\/#breadcrumb"},"inLanguage":"en-US","potentialAction":[{"@type":"ReadAction","target":["https:\/\/bogexplore.com\/producto\/city-tour-por-bogota\/"]}]},{"@type":"ImageObject","inLanguage":"en-US","@id":"https:\/\/bogexplore.com\/producto\/city-tour-por-bogota\/#primaryimage","url":"https:\/\/bogexplore.com\/web\/wp-content\/uploads\/2026\/03\/18102023-DSC_4427.jpg","contentUrl":"https:\/\/bogexplore.com\/web\/wp-content\/uploads\/2026\/03\/18102023-DSC_4427.jpg","width":1228,"height":1228},{"@type":"BreadcrumbList","@id":"https:\/\/bogexplore.com\/producto\/city-tour-por-bogota\/#breadcrumb","itemListElement":[{"@type":"ListItem","position":1,"name":"Portada","item":"https:\/\/bogexplore.com\/"},{"@type":"ListItem","position":2,"name":"Tienda","item":"https:\/\/bogexplore.com\/tienda\/"},{"@type":"ListItem","position":3,"name":"City Tour por Bogot\u00e1"}]},{"@type":"WebSite","@id":"https:\/\/bogexplore.com\/#website","url":"https:\/\/bogexplore.com\/","name":"Bogexplore","description":"Agencia de Viajes y Operadora de Turismo en Bogot\u00e1, Colombia","publisher":{"@id":"https:\/\/bogexplore.com\/#organization"},"potentialAction":[{"@type":"SearchAction","target":{"@type":"EntryPoint","urlTemplate":"https:\/\/bogexplore.com\/?s={search_term_string}"},"query-input":{"@type":"PropertyValueSpecification","valueRequired":true,"valueName":"search_term_string"}}],"inLanguage":"en-US"},{"@type":"Organization","@id":"https:\/\/bogexplore.com\/#organization","name":"Bogexplore","alternateName":"Bogexplore","url":"https:\/\/bogexplore.com\/","logo":{"@type":"ImageObject","inLanguage":"en-US","@id":"https:\/\/bogexplore.com\/#\/schema\/logo\/image\/","url":"https:\/\/bogexplore.com\/web\/wp-content\/uploads\/2024\/12\/cropped-favicon.png","contentUrl":"https:\/\/bogexplore.com\/web\/wp-content\/uploads\/2024\/12\/cropped-favicon.png","width":512,"height":512,"caption":"Bogexplore"},"image":{"@id":"https:\/\/bogexplore.com\/#\/schema\/logo\/image\/"},"sameAs":["https:\/\/www.facebook.com\/Bogexplore\/?locale=es_LA"],"description":"Since 2009, we\u2019ve been offering unforgettable experiences that highlight Colombia\u2019s culture, history, and cuisine.","email":"contactenos@bogexplore.com","telephone":"+57 320 915 7155","legalName":"bogexplore"}]}},"_links":{"self":[{"href":"https:\/\/bogexplore.com\/en_us\/wp-json\/wp\/v2\/product\/2987","targetHints":{"allow":["GET"]}}],"collection":[{"href":"https:\/\/bogexplore.com\/en_us\/wp-json\/wp\/v2\/product"}],"about":[{"href":"https:\/\/bogexplore.com\/en_us\/wp-json\/wp\/v2\/types\/product"}],"replies":[{"embeddable":true,"href":"https:\/\/bogexplore.com\/en_us\/wp-json\/wp\/v2\/comments?post=2987"}],"wp:featuredmedia":[{"embeddable":true,"href":"https:\/\/bogexplore.com\/en_us\/wp-json\/wp\/v2\/media\/2988"}],"wp:attachment":[{"href":"https:\/\/bogexplore.com\/en_us\/wp-json\/wp\/v2\/media?parent=2987"}],"wp:term":[{"taxonomy":"product_brand","embeddable":true,"href":"https:\/\/bogexplore.com\/en_us\/wp-json\/wp\/v2\/product_brand?post=2987"},{"taxonomy":"product_cat","embeddable":true,"href":"https:\/\/bogexplore.com\/en_us\/wp-json\/wp\/v2\/product_cat?post=2987"},{"taxonomy":"product_tag","embeddable":true,"href":"https:\/\/bogexplore.com\/en_us\/wp-json\/wp\/v2\/product_tag?post=2987"}],"curies":[{"name":"wp","href":"https:\/\/api.w.org\/{rel}","templated":true}]}}