{"id":2989,"date":"2026-03-05T16:57:24","date_gmt":"2026-03-05T16:57:24","guid":{"rendered":"https:\/\/bogexplore.com\/?post_type=product&#038;p=2989"},"modified":"2026-04-08T17:20:19","modified_gmt":"2026-04-08T17:20:19","slug":"tour-a-la-catedral-de-sal-de-zipaquira","status":"publish","type":"product","link":"https:\/\/bogexplore.com\/en_us\/product\/tour-a-la-catedral-de-sal-de-zipaquira\/","title":{"rendered":"Tour a la Catedral de Sal de Zipaquir\u00e1"},"content":{"rendered":"<p data-start=\"44\" data-end=\"379\">Vive una experiencia \u00fanica visitando la impresionante Catedral de Sal de Zipaquir\u00e1, una de las maravillas arquitect\u00f3nicas y tur\u00edsticas m\u00e1s importantes de Colombia. El tour inicia con recogida en el hotel y un recorrido panor\u00e1mico saliendo de Bogot\u00e1 hacia el municipio de Zipaquir\u00e1, en un trayecto aproximado de 1 a 1 hora y 30 minutos.<\/p>\n<p data-start=\"381\" data-end=\"816\" data-is-last-node=\"\" data-is-only-node=\"\">Durante la visita explorar\u00e1s el interior de la catedral subterr\u00e1nea, una obra construida dentro de una mina de sal que combina arte, historia y espiritualidad. La experiencia incluye transporte en veh\u00edculo compartido, gu\u00eda conductor en espa\u00f1ol, seguro de asistencia m\u00e9dica y entrada a la Catedral de Sal. Tambi\u00e9n tendr\u00e1s la opci\u00f3n de disfrutar un almuerzo t\u00edpico durante la visita. El tour tiene una duraci\u00f3n aproximada de <strong data-start=\"804\" data-end=\"815\">8 hrs<\/strong>.<\/p>","protected":false},"excerpt":{"rendered":"<p>Vive una experiencia \u00fanica visitando la impresionante Catedral de Sal  [&#8230;]<\/p>\n","protected":false},"featured_media":2990,"comment_status":"open","ping_status":"closed","template":"","meta":{"_ayudawp_aiss_exclude":false},"product_brand":[],"product_cat":[69],"product_tag":[],"class_list":{"0":"post-2989","1":"product","2":"type-product","3":"status-publish","4":"has-post-thumbnail","6":"product_cat-oferta-especial","8":"first","9":"instock","10":"taxable","11":"shipping-taxable","12":"purchasable","13":"product-type-simple"},"yoast_head":"<!-- This site is optimized with the Yoast SEO Premium plugin v26.8 (Yoast SEO v27.1.1) - https:\/\/yoast.com\/product\/yoast-seo-premium-wordpress\/ -->\n<title>Tour a la Catedral de Sal de Zipaquir\u00e1 - Bogexplore<\/title>\n<meta name=\"robots\" content=\"index, follow, max-snippet:-1, max-image-preview:large, max-video-preview:-1\" \/>\n<link rel=\"canonical\" href=\"https:\/\/bogexplore.com\/en_us\/product\/tour-a-la-catedral-de-sal-de-zipaquira\/\" \/>\n<meta property=\"og:locale\" content=\"en_US\" \/>\n<meta property=\"og:type\" content=\"article\" \/>\n<meta property=\"og:title\" content=\"Tour a la Catedral de Sal de Zipaquir\u00e1\" \/>\n<meta property=\"og:description\" content=\"Vive una experiencia \u00fanica visitando la impresionante Catedral de Sal [...]\" \/>\n<meta property=\"og:url\" content=\"https:\/\/bogexplore.com\/en_us\/product\/tour-a-la-catedral-de-sal-de-zipaquira\/\" \/>\n<meta property=\"og:site_name\" content=\"Bogexplore\" \/>\n<meta property=\"article:publisher\" content=\"https:\/\/www.facebook.com\/Bogexplore\/?locale=es_LA\" \/>\n<meta property=\"article:modified_time\" content=\"2026-04-08T17:20:19+00:00\" \/>\n<meta property=\"og:image\" content=\"https:\/\/bogexplore.com\/web\/wp-content\/uploads\/2026\/03\/IMG-20200204-WA0038.jpg\" \/>\n\t<meta property=\"og:image:width\" content=\"768\" \/>\n\t<meta property=\"og:image:height\" content=\"768\" \/>\n\t<meta property=\"og:image:type\" content=\"image\/jpeg\" \/>\n<meta name=\"twitter:card\" content=\"summary_large_image\" \/>\n<meta name=\"twitter:label1\" content=\"Est. reading time\" \/>\n\t<meta name=\"twitter:data1\" content=\"1 minute\" \/>\n<script type=\"application\/ld+json\" class=\"yoast-schema-graph\">{\"@context\":\"https:\/\/schema.org\",\"@graph\":[{\"@type\":\"WebPage\",\"@id\":\"https:\/\/bogexplore.com\/producto\/tour-a-la-catedral-de-sal-de-zipaquira\/\",\"url\":\"https:\/\/bogexplore.com\/producto\/tour-a-la-catedral-de-sal-de-zipaquira\/\",\"name\":\"Tour a la Catedral de Sal de Zipaquir\u00e1 - Bogexplore\",\"isPartOf\":{\"@id\":\"https:\/\/bogexplore.com\/#website\"},\"primaryImageOfPage\":{\"@id\":\"https:\/\/bogexplore.com\/producto\/tour-a-la-catedral-de-sal-de-zipaquira\/#primaryimage\"},\"image\":{\"@id\":\"https:\/\/bogexplore.com\/producto\/tour-a-la-catedral-de-sal-de-zipaquira\/#primaryimage\"},\"thumbnailUrl\":\"https:\/\/bogexplore.com\/web\/wp-content\/uploads\/2026\/03\/IMG-20200204-WA0038.jpg\",\"datePublished\":\"2026-03-05T16:57:24+00:00\",\"dateModified\":\"2026-04-08T17:20:19+00:00\",\"breadcrumb\":{\"@id\":\"https:\/\/bogexplore.com\/producto\/tour-a-la-catedral-de-sal-de-zipaquira\/#breadcrumb\"},\"inLanguage\":\"en-US\",\"potentialAction\":[{\"@type\":\"ReadAction\",\"target\":[\"https:\/\/bogexplore.com\/producto\/tour-a-la-catedral-de-sal-de-zipaquira\/\"]}]},{\"@type\":\"ImageObject\",\"inLanguage\":\"en-US\",\"@id\":\"https:\/\/bogexplore.com\/producto\/tour-a-la-catedral-de-sal-de-zipaquira\/#primaryimage\",\"url\":\"https:\/\/bogexplore.com\/web\/wp-content\/uploads\/2026\/03\/IMG-20200204-WA0038.jpg\",\"contentUrl\":\"https:\/\/bogexplore.com\/web\/wp-content\/uploads\/2026\/03\/IMG-20200204-WA0038.jpg\",\"width\":768,\"height\":768},{\"@type\":\"BreadcrumbList\",\"@id\":\"https:\/\/bogexplore.com\/producto\/tour-a-la-catedral-de-sal-de-zipaquira\/#breadcrumb\",\"itemListElement\":[{\"@type\":\"ListItem\",\"position\":1,\"name\":\"Portada\",\"item\":\"https:\/\/bogexplore.com\/\"},{\"@type\":\"ListItem\",\"position\":2,\"name\":\"Tienda\",\"item\":\"https:\/\/bogexplore.com\/tienda\/\"},{\"@type\":\"ListItem\",\"position\":3,\"name\":\"Tour a la Catedral de Sal de Zipaquir\u00e1\"}]},{\"@type\":\"WebSite\",\"@id\":\"https:\/\/bogexplore.com\/#website\",\"url\":\"https:\/\/bogexplore.com\/\",\"name\":\"Bogexplore\",\"description\":\"Agencia de Viajes y Operadora de Turismo en Bogot\u00e1, Colombia\",\"publisher\":{\"@id\":\"https:\/\/bogexplore.com\/#organization\"},\"potentialAction\":[{\"@type\":\"SearchAction\",\"target\":{\"@type\":\"EntryPoint\",\"urlTemplate\":\"https:\/\/bogexplore.com\/?s={search_term_string}\"},\"query-input\":{\"@type\":\"PropertyValueSpecification\",\"valueRequired\":true,\"valueName\":\"search_term_string\"}}],\"inLanguage\":\"en-US\"},{\"@type\":\"Organization\",\"@id\":\"https:\/\/bogexplore.com\/#organization\",\"name\":\"Bogexplore\",\"alternateName\":\"Bogexplore\",\"url\":\"https:\/\/bogexplore.com\/\",\"logo\":{\"@type\":\"ImageObject\",\"inLanguage\":\"en-US\",\"@id\":\"https:\/\/bogexplore.com\/#\/schema\/logo\/image\/\",\"url\":\"https:\/\/bogexplore.com\/web\/wp-content\/uploads\/2024\/12\/cropped-favicon.png\",\"contentUrl\":\"https:\/\/bogexplore.com\/web\/wp-content\/uploads\/2024\/12\/cropped-favicon.png\",\"width\":512,\"height\":512,\"caption\":\"Bogexplore\"},\"image\":{\"@id\":\"https:\/\/bogexplore.com\/#\/schema\/logo\/image\/\"},\"sameAs\":[\"https:\/\/www.facebook.com\/Bogexplore\/?locale=es_LA\"],\"description\":\"Desde 2009, ofrecemos experiencias inolvidables que resaltan la cultura, la historia y la gastronom\u00eda de Colombia.\",\"email\":\"contactenos@bogexplore.com\",\"telephone\":\"+57 320 915 7155\",\"legalName\":\"bogexplore\"}]}<\/script>\n<!-- \/ Yoast SEO Premium plugin. -->","yoast_head_json":{"title":"Tour a la Catedral de Sal de Zipaquir\u00e1 - Bogexplore","robots":{"index":"index","follow":"follow","max-snippet":"max-snippet:-1","max-image-preview":"max-image-preview:large","max-video-preview":"max-video-preview:-1"},"canonical":"https:\/\/bogexplore.com\/en_us\/product\/tour-a-la-catedral-de-sal-de-zipaquira\/","og_locale":"en_US","og_type":"article","og_title":"Tour a la Catedral de Sal de Zipaquir\u00e1","og_description":"Vive una experiencia \u00fanica visitando la impresionante Catedral de Sal [...]","og_url":"https:\/\/bogexplore.com\/en_us\/product\/tour-a-la-catedral-de-sal-de-zipaquira\/","og_site_name":"Bogexplore","article_publisher":"https:\/\/www.facebook.com\/Bogexplore\/?locale=es_LA","article_modified_time":"2026-04-08T17:20:19+00:00","og_image":[{"width":768,"height":768,"url":"https:\/\/bogexplore.com\/web\/wp-content\/uploads\/2026\/03\/IMG-20200204-WA0038.jpg","type":"image\/jpeg"}],"twitter_card":"summary_large_image","twitter_misc":{"Est. reading time":"1 minute"},"schema":{"@context":"https:\/\/schema.org","@graph":[{"@type":"WebPage","@id":"https:\/\/bogexplore.com\/producto\/tour-a-la-catedral-de-sal-de-zipaquira\/","url":"https:\/\/bogexplore.com\/producto\/tour-a-la-catedral-de-sal-de-zipaquira\/","name":"Tour a la Catedral de Sal de Zipaquir\u00e1 - Bogexplore","isPartOf":{"@id":"https:\/\/bogexplore.com\/#website"},"primaryImageOfPage":{"@id":"https:\/\/bogexplore.com\/producto\/tour-a-la-catedral-de-sal-de-zipaquira\/#primaryimage"},"image":{"@id":"https:\/\/bogexplore.com\/producto\/tour-a-la-catedral-de-sal-de-zipaquira\/#primaryimage"},"thumbnailUrl":"https:\/\/bogexplore.com\/web\/wp-content\/uploads\/2026\/03\/IMG-20200204-WA0038.jpg","datePublished":"2026-03-05T16:57:24+00:00","dateModified":"2026-04-08T17:20:19+00:00","breadcrumb":{"@id":"https:\/\/bogexplore.com\/producto\/tour-a-la-catedral-de-sal-de-zipaquira\/#breadcrumb"},"inLanguage":"en-US","potentialAction":[{"@type":"ReadAction","target":["https:\/\/bogexplore.com\/producto\/tour-a-la-catedral-de-sal-de-zipaquira\/"]}]},{"@type":"ImageObject","inLanguage":"en-US","@id":"https:\/\/bogexplore.com\/producto\/tour-a-la-catedral-de-sal-de-zipaquira\/#primaryimage","url":"https:\/\/bogexplore.com\/web\/wp-content\/uploads\/2026\/03\/IMG-20200204-WA0038.jpg","contentUrl":"https:\/\/bogexplore.com\/web\/wp-content\/uploads\/2026\/03\/IMG-20200204-WA0038.jpg","width":768,"height":768},{"@type":"BreadcrumbList","@id":"https:\/\/bogexplore.com\/producto\/tour-a-la-catedral-de-sal-de-zipaquira\/#breadcrumb","itemListElement":[{"@type":"ListItem","position":1,"name":"Portada","item":"https:\/\/bogexplore.com\/"},{"@type":"ListItem","position":2,"name":"Tienda","item":"https:\/\/bogexplore.com\/tienda\/"},{"@type":"ListItem","position":3,"name":"Tour a la Catedral de Sal de Zipaquir\u00e1"}]},{"@type":"WebSite","@id":"https:\/\/bogexplore.com\/#website","url":"https:\/\/bogexplore.com\/","name":"Bogexplore","description":"Agencia de Viajes y Operadora de Turismo en Bogot\u00e1, Colombia","publisher":{"@id":"https:\/\/bogexplore.com\/#organization"},"potentialAction":[{"@type":"SearchAction","target":{"@type":"EntryPoint","urlTemplate":"https:\/\/bogexplore.com\/?s={search_term_string}"},"query-input":{"@type":"PropertyValueSpecification","valueRequired":true,"valueName":"search_term_string"}}],"inLanguage":"en-US"},{"@type":"Organization","@id":"https:\/\/bogexplore.com\/#organization","name":"Bogexplore","alternateName":"Bogexplore","url":"https:\/\/bogexplore.com\/","logo":{"@type":"ImageObject","inLanguage":"en-US","@id":"https:\/\/bogexplore.com\/#\/schema\/logo\/image\/","url":"https:\/\/bogexplore.com\/web\/wp-content\/uploads\/2024\/12\/cropped-favicon.png","contentUrl":"https:\/\/bogexplore.com\/web\/wp-content\/uploads\/2024\/12\/cropped-favicon.png","width":512,"height":512,"caption":"Bogexplore"},"image":{"@id":"https:\/\/bogexplore.com\/#\/schema\/logo\/image\/"},"sameAs":["https:\/\/www.facebook.com\/Bogexplore\/?locale=es_LA"],"description":"Since 2009, we\u2019ve been offering unforgettable experiences that highlight Colombia\u2019s culture, history, and cuisine.","email":"contactenos@bogexplore.com","telephone":"+57 320 915 7155","legalName":"bogexplore"}]}},"_links":{"self":[{"href":"https:\/\/bogexplore.com\/en_us\/wp-json\/wp\/v2\/product\/2989","targetHints":{"allow":["GET"]}}],"collection":[{"href":"https:\/\/bogexplore.com\/en_us\/wp-json\/wp\/v2\/product"}],"about":[{"href":"https:\/\/bogexplore.com\/en_us\/wp-json\/wp\/v2\/types\/product"}],"replies":[{"embeddable":true,"href":"https:\/\/bogexplore.com\/en_us\/wp-json\/wp\/v2\/comments?post=2989"}],"wp:featuredmedia":[{"embeddable":true,"href":"https:\/\/bogexplore.com\/en_us\/wp-json\/wp\/v2\/media\/2990"}],"wp:attachment":[{"href":"https:\/\/bogexplore.com\/en_us\/wp-json\/wp\/v2\/media?parent=2989"}],"wp:term":[{"taxonomy":"product_brand","embeddable":true,"href":"https:\/\/bogexplore.com\/en_us\/wp-json\/wp\/v2\/product_brand?post=2989"},{"taxonomy":"product_cat","embeddable":true,"href":"https:\/\/bogexplore.com\/en_us\/wp-json\/wp\/v2\/product_cat?post=2989"},{"taxonomy":"product_tag","embeddable":true,"href":"https:\/\/bogexplore.com\/en_us\/wp-json\/wp\/v2\/product_tag?post=2989"}],"curies":[{"name":"wp","href":"https:\/\/api.w.org\/{rel}","templated":true}]}}