{"id":2991,"date":"2026-03-05T17:01:50","date_gmt":"2026-03-05T17:01:50","guid":{"rendered":"https:\/\/bogexplore.com\/?post_type=product&#038;p=2991"},"modified":"2026-04-08T17:18:25","modified_gmt":"2026-04-08T17:18:25","slug":"tour-cafetero-cerca-de-bogota","status":"publish","type":"product","link":"https:\/\/bogexplore.com\/en_us\/product\/tour-cafetero-cerca-de-bogota\/","title":{"rendered":"Coffee Region Tour near Bogot\u00e1"},"content":{"rendered":"<p data-start=\"35\" data-end=\"352\">Disfruta de una experiencia aut\u00e9ntica en una hacienda cafetera cercana a Bogot\u00e1 y conoce de primera mano el proceso de producci\u00f3n del caf\u00e9 colombiano. El tour inicia con recogida en el hotel y un recorrido hacia la poblaci\u00f3n de Fusagasug\u00e1, donde visitar\u00e1s una tradicional finca cafetera rodeada de paisajes naturales.<\/p>\n<p data-start=\"354\" data-end=\"769\" data-is-last-node=\"\" data-is-only-node=\"\">Durante la visita aprender\u00e1s sobre el cultivo, la cosecha y la preparaci\u00f3n del caf\u00e9, mientras descubres la cultura cafetera de la regi\u00f3n. La experiencia incluye transporte en veh\u00edculo compartido, gu\u00eda conductor en espa\u00f1ol, seguro de asistencia m\u00e9dica y entrada a la hacienda cafetera. Tambi\u00e9n tendr\u00e1s la opci\u00f3n de disfrutar un almuerzo t\u00edpico durante la visita. El tour tiene una duraci\u00f3n aproximada de <strong data-start=\"757\" data-end=\"768\">8 hrs<\/strong>.<\/p>","protected":false},"excerpt":{"rendered":"<p>Disfruta de una experiencia aut\u00e9ntica en una hacienda cafetera cercana  [&#8230;]<\/p>\n","protected":false},"featured_media":2992,"comment_status":"open","ping_status":"closed","template":"","meta":{"_ayudawp_aiss_exclude":false},"product_brand":[],"product_cat":[69],"product_tag":[],"class_list":{"0":"post-2991","1":"product","2":"type-product","3":"status-publish","4":"has-post-thumbnail","6":"product_cat-oferta-especial","8":"first","9":"instock","10":"taxable","11":"shipping-taxable","12":"purchasable","13":"product-type-simple"},"yoast_head":"<!-- This site is optimized with the Yoast SEO Premium plugin v26.8 (Yoast SEO v27.1.1) - https:\/\/yoast.com\/product\/yoast-seo-premium-wordpress\/ -->\n<title>Tour Cafetero cerca de Bogot\u00e1 - Bogexplore<\/title>\n<meta name=\"robots\" content=\"index, follow, max-snippet:-1, max-image-preview:large, max-video-preview:-1\" \/>\n<link rel=\"canonical\" href=\"https:\/\/bogexplore.com\/en_us\/product\/tour-cafetero-cerca-de-bogota\/\" \/>\n<meta property=\"og:locale\" content=\"en_US\" \/>\n<meta property=\"og:type\" content=\"article\" \/>\n<meta property=\"og:title\" content=\"Tour Cafetero cerca de Bogot\u00e1\" \/>\n<meta property=\"og:description\" content=\"Disfruta de una experiencia aut\u00e9ntica en una hacienda cafetera cercana [...]\" \/>\n<meta property=\"og:url\" content=\"https:\/\/bogexplore.com\/en_us\/product\/tour-cafetero-cerca-de-bogota\/\" \/>\n<meta property=\"og:site_name\" content=\"Bogexplore\" \/>\n<meta property=\"article:publisher\" content=\"https:\/\/www.facebook.com\/Bogexplore\/?locale=es_LA\" \/>\n<meta property=\"article:modified_time\" content=\"2026-04-08T17:18:25+00:00\" \/>\n<meta property=\"og:image\" content=\"https:\/\/bogexplore.com\/web\/wp-content\/uploads\/2026\/03\/IMG_20211025_103247_637-1.jpg\" \/>\n\t<meta property=\"og:image:width\" content=\"990\" \/>\n\t<meta property=\"og:image:height\" content=\"990\" \/>\n\t<meta property=\"og:image:type\" content=\"image\/jpeg\" \/>\n<meta name=\"twitter:card\" content=\"summary_large_image\" \/>\n<meta name=\"twitter:label1\" content=\"Est. reading time\" \/>\n\t<meta name=\"twitter:data1\" content=\"1 minute\" \/>\n<script type=\"application\/ld+json\" class=\"yoast-schema-graph\">{\"@context\":\"https:\/\/schema.org\",\"@graph\":[{\"@type\":\"WebPage\",\"@id\":\"https:\/\/bogexplore.com\/producto\/tour-cafetero-cerca-de-bogota\/\",\"url\":\"https:\/\/bogexplore.com\/producto\/tour-cafetero-cerca-de-bogota\/\",\"name\":\"Tour Cafetero cerca de Bogot\u00e1 - Bogexplore\",\"isPartOf\":{\"@id\":\"https:\/\/bogexplore.com\/#website\"},\"primaryImageOfPage\":{\"@id\":\"https:\/\/bogexplore.com\/producto\/tour-cafetero-cerca-de-bogota\/#primaryimage\"},\"image\":{\"@id\":\"https:\/\/bogexplore.com\/producto\/tour-cafetero-cerca-de-bogota\/#primaryimage\"},\"thumbnailUrl\":\"https:\/\/bogexplore.com\/web\/wp-content\/uploads\/2026\/03\/IMG_20211025_103247_637-1.jpg\",\"datePublished\":\"2026-03-05T17:01:50+00:00\",\"dateModified\":\"2026-04-08T17:18:25+00:00\",\"breadcrumb\":{\"@id\":\"https:\/\/bogexplore.com\/producto\/tour-cafetero-cerca-de-bogota\/#breadcrumb\"},\"inLanguage\":\"en-US\",\"potentialAction\":[{\"@type\":\"ReadAction\",\"target\":[\"https:\/\/bogexplore.com\/producto\/tour-cafetero-cerca-de-bogota\/\"]}]},{\"@type\":\"ImageObject\",\"inLanguage\":\"en-US\",\"@id\":\"https:\/\/bogexplore.com\/producto\/tour-cafetero-cerca-de-bogota\/#primaryimage\",\"url\":\"https:\/\/bogexplore.com\/web\/wp-content\/uploads\/2026\/03\/IMG_20211025_103247_637-1.jpg\",\"contentUrl\":\"https:\/\/bogexplore.com\/web\/wp-content\/uploads\/2026\/03\/IMG_20211025_103247_637-1.jpg\",\"width\":990,\"height\":990},{\"@type\":\"BreadcrumbList\",\"@id\":\"https:\/\/bogexplore.com\/producto\/tour-cafetero-cerca-de-bogota\/#breadcrumb\",\"itemListElement\":[{\"@type\":\"ListItem\",\"position\":1,\"name\":\"Portada\",\"item\":\"https:\/\/bogexplore.com\/\"},{\"@type\":\"ListItem\",\"position\":2,\"name\":\"Tienda\",\"item\":\"https:\/\/bogexplore.com\/tienda\/\"},{\"@type\":\"ListItem\",\"position\":3,\"name\":\"Tour Cafetero cerca de Bogot\u00e1\"}]},{\"@type\":\"WebSite\",\"@id\":\"https:\/\/bogexplore.com\/#website\",\"url\":\"https:\/\/bogexplore.com\/\",\"name\":\"Bogexplore\",\"description\":\"Agencia de Viajes y Operadora de Turismo en Bogot\u00e1, Colombia\",\"publisher\":{\"@id\":\"https:\/\/bogexplore.com\/#organization\"},\"potentialAction\":[{\"@type\":\"SearchAction\",\"target\":{\"@type\":\"EntryPoint\",\"urlTemplate\":\"https:\/\/bogexplore.com\/?s={search_term_string}\"},\"query-input\":{\"@type\":\"PropertyValueSpecification\",\"valueRequired\":true,\"valueName\":\"search_term_string\"}}],\"inLanguage\":\"en-US\"},{\"@type\":\"Organization\",\"@id\":\"https:\/\/bogexplore.com\/#organization\",\"name\":\"Bogexplore\",\"alternateName\":\"Bogexplore\",\"url\":\"https:\/\/bogexplore.com\/\",\"logo\":{\"@type\":\"ImageObject\",\"inLanguage\":\"en-US\",\"@id\":\"https:\/\/bogexplore.com\/#\/schema\/logo\/image\/\",\"url\":\"https:\/\/bogexplore.com\/web\/wp-content\/uploads\/2024\/12\/cropped-favicon.png\",\"contentUrl\":\"https:\/\/bogexplore.com\/web\/wp-content\/uploads\/2024\/12\/cropped-favicon.png\",\"width\":512,\"height\":512,\"caption\":\"Bogexplore\"},\"image\":{\"@id\":\"https:\/\/bogexplore.com\/#\/schema\/logo\/image\/\"},\"sameAs\":[\"https:\/\/www.facebook.com\/Bogexplore\/?locale=es_LA\"],\"description\":\"Desde 2009, ofrecemos experiencias inolvidables que resaltan la cultura, la historia y la gastronom\u00eda de Colombia.\",\"email\":\"contactenos@bogexplore.com\",\"telephone\":\"+57 320 915 7155\",\"legalName\":\"bogexplore\"}]}<\/script>\n<!-- \/ Yoast SEO Premium plugin. -->","yoast_head_json":{"title":"Tour Cafetero cerca de Bogot\u00e1 - Bogexplore","robots":{"index":"index","follow":"follow","max-snippet":"max-snippet:-1","max-image-preview":"max-image-preview:large","max-video-preview":"max-video-preview:-1"},"canonical":"https:\/\/bogexplore.com\/en_us\/product\/tour-cafetero-cerca-de-bogota\/","og_locale":"en_US","og_type":"article","og_title":"Tour Cafetero cerca de Bogot\u00e1","og_description":"Disfruta de una experiencia aut\u00e9ntica en una hacienda cafetera cercana [...]","og_url":"https:\/\/bogexplore.com\/en_us\/product\/tour-cafetero-cerca-de-bogota\/","og_site_name":"Bogexplore","article_publisher":"https:\/\/www.facebook.com\/Bogexplore\/?locale=es_LA","article_modified_time":"2026-04-08T17:18:25+00:00","og_image":[{"width":990,"height":990,"url":"https:\/\/bogexplore.com\/web\/wp-content\/uploads\/2026\/03\/IMG_20211025_103247_637-1.jpg","type":"image\/jpeg"}],"twitter_card":"summary_large_image","twitter_misc":{"Est. reading time":"1 minute"},"schema":{"@context":"https:\/\/schema.org","@graph":[{"@type":"WebPage","@id":"https:\/\/bogexplore.com\/producto\/tour-cafetero-cerca-de-bogota\/","url":"https:\/\/bogexplore.com\/producto\/tour-cafetero-cerca-de-bogota\/","name":"Tour Cafetero cerca de Bogot\u00e1 - Bogexplore","isPartOf":{"@id":"https:\/\/bogexplore.com\/#website"},"primaryImageOfPage":{"@id":"https:\/\/bogexplore.com\/producto\/tour-cafetero-cerca-de-bogota\/#primaryimage"},"image":{"@id":"https:\/\/bogexplore.com\/producto\/tour-cafetero-cerca-de-bogota\/#primaryimage"},"thumbnailUrl":"https:\/\/bogexplore.com\/web\/wp-content\/uploads\/2026\/03\/IMG_20211025_103247_637-1.jpg","datePublished":"2026-03-05T17:01:50+00:00","dateModified":"2026-04-08T17:18:25+00:00","breadcrumb":{"@id":"https:\/\/bogexplore.com\/producto\/tour-cafetero-cerca-de-bogota\/#breadcrumb"},"inLanguage":"en-US","potentialAction":[{"@type":"ReadAction","target":["https:\/\/bogexplore.com\/producto\/tour-cafetero-cerca-de-bogota\/"]}]},{"@type":"ImageObject","inLanguage":"en-US","@id":"https:\/\/bogexplore.com\/producto\/tour-cafetero-cerca-de-bogota\/#primaryimage","url":"https:\/\/bogexplore.com\/web\/wp-content\/uploads\/2026\/03\/IMG_20211025_103247_637-1.jpg","contentUrl":"https:\/\/bogexplore.com\/web\/wp-content\/uploads\/2026\/03\/IMG_20211025_103247_637-1.jpg","width":990,"height":990},{"@type":"BreadcrumbList","@id":"https:\/\/bogexplore.com\/producto\/tour-cafetero-cerca-de-bogota\/#breadcrumb","itemListElement":[{"@type":"ListItem","position":1,"name":"Portada","item":"https:\/\/bogexplore.com\/"},{"@type":"ListItem","position":2,"name":"Tienda","item":"https:\/\/bogexplore.com\/tienda\/"},{"@type":"ListItem","position":3,"name":"Tour Cafetero cerca de Bogot\u00e1"}]},{"@type":"WebSite","@id":"https:\/\/bogexplore.com\/#website","url":"https:\/\/bogexplore.com\/","name":"Bogexplore","description":"Agencia de Viajes y Operadora de Turismo en Bogot\u00e1, Colombia","publisher":{"@id":"https:\/\/bogexplore.com\/#organization"},"potentialAction":[{"@type":"SearchAction","target":{"@type":"EntryPoint","urlTemplate":"https:\/\/bogexplore.com\/?s={search_term_string}"},"query-input":{"@type":"PropertyValueSpecification","valueRequired":true,"valueName":"search_term_string"}}],"inLanguage":"en-US"},{"@type":"Organization","@id":"https:\/\/bogexplore.com\/#organization","name":"Bogexplore","alternateName":"Bogexplore","url":"https:\/\/bogexplore.com\/","logo":{"@type":"ImageObject","inLanguage":"en-US","@id":"https:\/\/bogexplore.com\/#\/schema\/logo\/image\/","url":"https:\/\/bogexplore.com\/web\/wp-content\/uploads\/2024\/12\/cropped-favicon.png","contentUrl":"https:\/\/bogexplore.com\/web\/wp-content\/uploads\/2024\/12\/cropped-favicon.png","width":512,"height":512,"caption":"Bogexplore"},"image":{"@id":"https:\/\/bogexplore.com\/#\/schema\/logo\/image\/"},"sameAs":["https:\/\/www.facebook.com\/Bogexplore\/?locale=es_LA"],"description":"Since 2009, we\u2019ve been offering unforgettable experiences that highlight Colombia\u2019s culture, history, and cuisine.","email":"contactenos@bogexplore.com","telephone":"+57 320 915 7155","legalName":"bogexplore"}]}},"_links":{"self":[{"href":"https:\/\/bogexplore.com\/en_us\/wp-json\/wp\/v2\/product\/2991","targetHints":{"allow":["GET"]}}],"collection":[{"href":"https:\/\/bogexplore.com\/en_us\/wp-json\/wp\/v2\/product"}],"about":[{"href":"https:\/\/bogexplore.com\/en_us\/wp-json\/wp\/v2\/types\/product"}],"replies":[{"embeddable":true,"href":"https:\/\/bogexplore.com\/en_us\/wp-json\/wp\/v2\/comments?post=2991"}],"wp:featuredmedia":[{"embeddable":true,"href":"https:\/\/bogexplore.com\/en_us\/wp-json\/wp\/v2\/media\/2992"}],"wp:attachment":[{"href":"https:\/\/bogexplore.com\/en_us\/wp-json\/wp\/v2\/media?parent=2991"}],"wp:term":[{"taxonomy":"product_brand","embeddable":true,"href":"https:\/\/bogexplore.com\/en_us\/wp-json\/wp\/v2\/product_brand?post=2991"},{"taxonomy":"product_cat","embeddable":true,"href":"https:\/\/bogexplore.com\/en_us\/wp-json\/wp\/v2\/product_cat?post=2991"},{"taxonomy":"product_tag","embeddable":true,"href":"https:\/\/bogexplore.com\/en_us\/wp-json\/wp\/v2\/product_tag?post=2991"}],"curies":[{"name":"wp","href":"https:\/\/api.w.org\/{rel}","templated":true}]}}