{"id":2993,"date":"2026-03-05T17:17:05","date_gmt":"2026-03-05T17:17:05","guid":{"rendered":"https:\/\/bogexplore.com\/?post_type=product&#038;p=2993"},"modified":"2026-04-08T17:21:52","modified_gmt":"2026-04-08T17:21:52","slug":"tour-a-villa-de-leyva","status":"publish","type":"product","link":"https:\/\/bogexplore.com\/en_us\/product\/tour-a-villa-de-leyva\/","title":{"rendered":"Tour to Villa de Leyva"},"content":{"rendered":"<div class=\"flex flex-col text-sm pb-25\">\n<article class=\"text-token-text-primary w-full focus:outline-none [--shadow-height:45px] has-data-writing-block:pointer-events-none has-data-writing-block:-mt-(--shadow-height) has-data-writing-block:pt-(--shadow-height) [&amp;:has([data-writing-block])&gt;*]:pointer-events-auto scroll-mt-[calc(var(--header-height)+min(200px,max(70px,20svh)))]\" dir=\"auto\" tabindex=\"-1\" data-turn-id=\"request-69a8bab7-8d6c-8326-a337-ed5311e1ce24-3\" data-testid=\"conversation-turn-10\" data-scroll-anchor=\"true\" data-turn=\"assistant\">\n<div class=\"text-base my-auto mx-auto pb-10 [--thread-content-margin:--spacing(4)] @w-sm\/main:[--thread-content-margin:--spacing(6)] @w-lg\/main:[--thread-content-margin:--spacing(16)] px-(--thread-content-margin)\">\n<div class=\"[--thread-content-max-width:40rem] @w-lg\/main:[--thread-content-max-width:48rem] mx-auto max-w-(--thread-content-max-width) flex-1 group\/turn-messages focus-visible:outline-hidden relative flex w-full min-w-0 flex-col agent-turn\" tabindex=\"-1\">\n<div class=\"flex max-w-full flex-col grow\">\n<div class=\"min-h-8 text-message relative flex w-full flex-col items-end gap-2 text-start break-words whitespace-normal [.text-message+&amp;]:mt-1\" dir=\"auto\" data-message-author-role=\"assistant\" data-message-id=\"378cb002-5232-4a7b-80e8-6f7bf945c25e\" data-message-model-slug=\"gpt-5-3\">\n<div class=\"flex w-full flex-col gap-1 empty:hidden first:pt-[1px]\">\n<div class=\"markdown prose dark:prose-invert w-full wrap-break-word light markdown-new-styling\">\n<p data-start=\"27\" data-end=\"320\">Descubre uno de los pueblos coloniales m\u00e1s hermosos de Colombia con este tour de d\u00eda completo a Villa de Leyva. La experiencia inicia con recogida en el hotel y un recorrido panor\u00e1mico desde Bogot\u00e1 hasta este encantador destino hist\u00f3rico, en un trayecto aproximado de 3 a 3 horas y 30 minutos.<\/p>\n<p data-start=\"322\" data-end=\"815\" data-is-last-node=\"\" data-is-only-node=\"\">Durante la visita recorrer\u00e1s la famosa Plaza Mayor y sus calles coloniales, adem\u00e1s de conocer lugares representativos como R\u00e1quira, reconocido por su colorida artesan\u00eda. Tambi\u00e9n tendr\u00e1s la opci\u00f3n de visitar la Casa de Terracota y el Monasterio de Santo Eccehomo, as\u00ed como disfrutar de un almuerzo t\u00edpico durante el recorrido. El tour incluye transporte en veh\u00edculo compartido, gu\u00eda conductor en espa\u00f1ol y seguro de asistencia m\u00e9dica para que disfrutes la experiencia con comodidad y seguridad.<\/p>\n<\/div>\n<\/div>\n<\/div>\n<\/div>\n<div class=\"z-0 flex min-h-[46px] justify-start\"><\/div>\n<div class=\"mt-3 w-full empty:hidden\">\n<div class=\"text-center\"><\/div>\n<\/div>\n<\/div>\n<\/div>\n<\/article>\n<\/div>\n<div class=\"pointer-events-none h-px w-px absolute bottom-0\" aria-hidden=\"true\" data-edge=\"true\"><\/div>\n","protected":false},"excerpt":{"rendered":"<p>Descubre uno de los pueblos coloniales m\u00e1s hermosos de Colombia  [&#8230;]<\/p>\n","protected":false},"featured_media":3114,"comment_status":"open","ping_status":"closed","template":"","meta":{"_ayudawp_aiss_exclude":false},"product_brand":[],"product_cat":[69],"product_tag":[],"class_list":{"0":"post-2993","1":"product","2":"type-product","3":"status-publish","4":"has-post-thumbnail","6":"product_cat-oferta-especial","8":"first","9":"instock","10":"taxable","11":"shipping-taxable","12":"purchasable","13":"product-type-simple"},"yoast_head":"<!-- This site is optimized with the Yoast SEO Premium plugin v26.8 (Yoast SEO v27.1.1) - https:\/\/yoast.com\/product\/yoast-seo-premium-wordpress\/ -->\n<title>Tour a Villa de Leyva - Bogexplore<\/title>\n<meta name=\"robots\" content=\"index, follow, max-snippet:-1, max-image-preview:large, max-video-preview:-1\" \/>\n<link rel=\"canonical\" href=\"https:\/\/bogexplore.com\/en_us\/product\/tour-a-villa-de-leyva\/\" \/>\n<meta property=\"og:locale\" content=\"en_US\" \/>\n<meta property=\"og:type\" content=\"article\" \/>\n<meta property=\"og:title\" content=\"Tour a Villa de Leyva\" \/>\n<meta property=\"og:description\" content=\"Descubre uno de los pueblos coloniales m\u00e1s hermosos de Colombia [...]\" \/>\n<meta property=\"og:url\" content=\"https:\/\/bogexplore.com\/en_us\/product\/tour-a-villa-de-leyva\/\" \/>\n<meta property=\"og:site_name\" content=\"Bogexplore\" \/>\n<meta property=\"article:publisher\" content=\"https:\/\/www.facebook.com\/Bogexplore\/?locale=es_LA\" \/>\n<meta property=\"article:modified_time\" content=\"2026-04-08T17:21:52+00:00\" \/>\n<meta property=\"og:image\" content=\"https:\/\/bogexplore.com\/web\/wp-content\/uploads\/2026\/03\/Producto-central-villa-de-leyva-Boyaca-Foto-Mario-Carvajal-www.mariocarvajal.jpg\" \/>\n\t<meta property=\"og:image:width\" content=\"850\" \/>\n\t<meta property=\"og:image:height\" content=\"850\" \/>\n\t<meta property=\"og:image:type\" content=\"image\/jpeg\" \/>\n<meta name=\"twitter:card\" content=\"summary_large_image\" \/>\n<meta name=\"twitter:label1\" content=\"Est. reading time\" \/>\n\t<meta name=\"twitter:data1\" content=\"1 minute\" \/>\n<script type=\"application\/ld+json\" class=\"yoast-schema-graph\">{\"@context\":\"https:\/\/schema.org\",\"@graph\":[{\"@type\":\"WebPage\",\"@id\":\"https:\/\/bogexplore.com\/producto\/tour-a-villa-de-leyva\/\",\"url\":\"https:\/\/bogexplore.com\/producto\/tour-a-villa-de-leyva\/\",\"name\":\"Tour a Villa de Leyva - Bogexplore\",\"isPartOf\":{\"@id\":\"https:\/\/bogexplore.com\/#website\"},\"primaryImageOfPage\":{\"@id\":\"https:\/\/bogexplore.com\/producto\/tour-a-villa-de-leyva\/#primaryimage\"},\"image\":{\"@id\":\"https:\/\/bogexplore.com\/producto\/tour-a-villa-de-leyva\/#primaryimage\"},\"thumbnailUrl\":\"https:\/\/bogexplore.com\/web\/wp-content\/uploads\/2026\/03\/Producto-central-villa-de-leyva-Boyaca-Foto-Mario-Carvajal-www.mariocarvajal.jpg\",\"datePublished\":\"2026-03-05T17:17:05+00:00\",\"dateModified\":\"2026-04-08T17:21:52+00:00\",\"breadcrumb\":{\"@id\":\"https:\/\/bogexplore.com\/producto\/tour-a-villa-de-leyva\/#breadcrumb\"},\"inLanguage\":\"en-US\",\"potentialAction\":[{\"@type\":\"ReadAction\",\"target\":[\"https:\/\/bogexplore.com\/producto\/tour-a-villa-de-leyva\/\"]}]},{\"@type\":\"ImageObject\",\"inLanguage\":\"en-US\",\"@id\":\"https:\/\/bogexplore.com\/producto\/tour-a-villa-de-leyva\/#primaryimage\",\"url\":\"https:\/\/bogexplore.com\/web\/wp-content\/uploads\/2026\/03\/Producto-central-villa-de-leyva-Boyaca-Foto-Mario-Carvajal-www.mariocarvajal.jpg\",\"contentUrl\":\"https:\/\/bogexplore.com\/web\/wp-content\/uploads\/2026\/03\/Producto-central-villa-de-leyva-Boyaca-Foto-Mario-Carvajal-www.mariocarvajal.jpg\",\"width\":850,\"height\":850},{\"@type\":\"BreadcrumbList\",\"@id\":\"https:\/\/bogexplore.com\/producto\/tour-a-villa-de-leyva\/#breadcrumb\",\"itemListElement\":[{\"@type\":\"ListItem\",\"position\":1,\"name\":\"Portada\",\"item\":\"https:\/\/bogexplore.com\/\"},{\"@type\":\"ListItem\",\"position\":2,\"name\":\"Tienda\",\"item\":\"https:\/\/bogexplore.com\/tienda\/\"},{\"@type\":\"ListItem\",\"position\":3,\"name\":\"Tour a Villa de Leyva\"}]},{\"@type\":\"WebSite\",\"@id\":\"https:\/\/bogexplore.com\/#website\",\"url\":\"https:\/\/bogexplore.com\/\",\"name\":\"Bogexplore\",\"description\":\"Agencia de Viajes y Operadora de Turismo en Bogot\u00e1, Colombia\",\"publisher\":{\"@id\":\"https:\/\/bogexplore.com\/#organization\"},\"potentialAction\":[{\"@type\":\"SearchAction\",\"target\":{\"@type\":\"EntryPoint\",\"urlTemplate\":\"https:\/\/bogexplore.com\/?s={search_term_string}\"},\"query-input\":{\"@type\":\"PropertyValueSpecification\",\"valueRequired\":true,\"valueName\":\"search_term_string\"}}],\"inLanguage\":\"en-US\"},{\"@type\":\"Organization\",\"@id\":\"https:\/\/bogexplore.com\/#organization\",\"name\":\"Bogexplore\",\"alternateName\":\"Bogexplore\",\"url\":\"https:\/\/bogexplore.com\/\",\"logo\":{\"@type\":\"ImageObject\",\"inLanguage\":\"en-US\",\"@id\":\"https:\/\/bogexplore.com\/#\/schema\/logo\/image\/\",\"url\":\"https:\/\/bogexplore.com\/web\/wp-content\/uploads\/2024\/12\/cropped-favicon.png\",\"contentUrl\":\"https:\/\/bogexplore.com\/web\/wp-content\/uploads\/2024\/12\/cropped-favicon.png\",\"width\":512,\"height\":512,\"caption\":\"Bogexplore\"},\"image\":{\"@id\":\"https:\/\/bogexplore.com\/#\/schema\/logo\/image\/\"},\"sameAs\":[\"https:\/\/www.facebook.com\/Bogexplore\/?locale=es_LA\"],\"description\":\"Desde 2009, ofrecemos experiencias inolvidables que resaltan la cultura, la historia y la gastronom\u00eda de Colombia.\",\"email\":\"contactenos@bogexplore.com\",\"telephone\":\"+57 320 915 7155\",\"legalName\":\"bogexplore\"}]}<\/script>\n<!-- \/ Yoast SEO Premium plugin. -->","yoast_head_json":{"title":"Tour a Villa de Leyva - Bogexplore","robots":{"index":"index","follow":"follow","max-snippet":"max-snippet:-1","max-image-preview":"max-image-preview:large","max-video-preview":"max-video-preview:-1"},"canonical":"https:\/\/bogexplore.com\/en_us\/product\/tour-a-villa-de-leyva\/","og_locale":"en_US","og_type":"article","og_title":"Tour a Villa de Leyva","og_description":"Descubre uno de los pueblos coloniales m\u00e1s hermosos de Colombia [...]","og_url":"https:\/\/bogexplore.com\/en_us\/product\/tour-a-villa-de-leyva\/","og_site_name":"Bogexplore","article_publisher":"https:\/\/www.facebook.com\/Bogexplore\/?locale=es_LA","article_modified_time":"2026-04-08T17:21:52+00:00","og_image":[{"width":850,"height":850,"url":"https:\/\/bogexplore.com\/web\/wp-content\/uploads\/2026\/03\/Producto-central-villa-de-leyva-Boyaca-Foto-Mario-Carvajal-www.mariocarvajal.jpg","type":"image\/jpeg"}],"twitter_card":"summary_large_image","twitter_misc":{"Est. reading time":"1 minute"},"schema":{"@context":"https:\/\/schema.org","@graph":[{"@type":"WebPage","@id":"https:\/\/bogexplore.com\/producto\/tour-a-villa-de-leyva\/","url":"https:\/\/bogexplore.com\/producto\/tour-a-villa-de-leyva\/","name":"Tour a Villa de Leyva - Bogexplore","isPartOf":{"@id":"https:\/\/bogexplore.com\/#website"},"primaryImageOfPage":{"@id":"https:\/\/bogexplore.com\/producto\/tour-a-villa-de-leyva\/#primaryimage"},"image":{"@id":"https:\/\/bogexplore.com\/producto\/tour-a-villa-de-leyva\/#primaryimage"},"thumbnailUrl":"https:\/\/bogexplore.com\/web\/wp-content\/uploads\/2026\/03\/Producto-central-villa-de-leyva-Boyaca-Foto-Mario-Carvajal-www.mariocarvajal.jpg","datePublished":"2026-03-05T17:17:05+00:00","dateModified":"2026-04-08T17:21:52+00:00","breadcrumb":{"@id":"https:\/\/bogexplore.com\/producto\/tour-a-villa-de-leyva\/#breadcrumb"},"inLanguage":"en-US","potentialAction":[{"@type":"ReadAction","target":["https:\/\/bogexplore.com\/producto\/tour-a-villa-de-leyva\/"]}]},{"@type":"ImageObject","inLanguage":"en-US","@id":"https:\/\/bogexplore.com\/producto\/tour-a-villa-de-leyva\/#primaryimage","url":"https:\/\/bogexplore.com\/web\/wp-content\/uploads\/2026\/03\/Producto-central-villa-de-leyva-Boyaca-Foto-Mario-Carvajal-www.mariocarvajal.jpg","contentUrl":"https:\/\/bogexplore.com\/web\/wp-content\/uploads\/2026\/03\/Producto-central-villa-de-leyva-Boyaca-Foto-Mario-Carvajal-www.mariocarvajal.jpg","width":850,"height":850},{"@type":"BreadcrumbList","@id":"https:\/\/bogexplore.com\/producto\/tour-a-villa-de-leyva\/#breadcrumb","itemListElement":[{"@type":"ListItem","position":1,"name":"Portada","item":"https:\/\/bogexplore.com\/"},{"@type":"ListItem","position":2,"name":"Tienda","item":"https:\/\/bogexplore.com\/tienda\/"},{"@type":"ListItem","position":3,"name":"Tour a Villa de Leyva"}]},{"@type":"WebSite","@id":"https:\/\/bogexplore.com\/#website","url":"https:\/\/bogexplore.com\/","name":"Bogexplore","description":"Agencia de Viajes y Operadora de Turismo en Bogot\u00e1, Colombia","publisher":{"@id":"https:\/\/bogexplore.com\/#organization"},"potentialAction":[{"@type":"SearchAction","target":{"@type":"EntryPoint","urlTemplate":"https:\/\/bogexplore.com\/?s={search_term_string}"},"query-input":{"@type":"PropertyValueSpecification","valueRequired":true,"valueName":"search_term_string"}}],"inLanguage":"en-US"},{"@type":"Organization","@id":"https:\/\/bogexplore.com\/#organization","name":"Bogexplore","alternateName":"Bogexplore","url":"https:\/\/bogexplore.com\/","logo":{"@type":"ImageObject","inLanguage":"en-US","@id":"https:\/\/bogexplore.com\/#\/schema\/logo\/image\/","url":"https:\/\/bogexplore.com\/web\/wp-content\/uploads\/2024\/12\/cropped-favicon.png","contentUrl":"https:\/\/bogexplore.com\/web\/wp-content\/uploads\/2024\/12\/cropped-favicon.png","width":512,"height":512,"caption":"Bogexplore"},"image":{"@id":"https:\/\/bogexplore.com\/#\/schema\/logo\/image\/"},"sameAs":["https:\/\/www.facebook.com\/Bogexplore\/?locale=es_LA"],"description":"Since 2009, we\u2019ve been offering unforgettable experiences that highlight Colombia\u2019s culture, history, and cuisine.","email":"contactenos@bogexplore.com","telephone":"+57 320 915 7155","legalName":"bogexplore"}]}},"_links":{"self":[{"href":"https:\/\/bogexplore.com\/en_us\/wp-json\/wp\/v2\/product\/2993","targetHints":{"allow":["GET"]}}],"collection":[{"href":"https:\/\/bogexplore.com\/en_us\/wp-json\/wp\/v2\/product"}],"about":[{"href":"https:\/\/bogexplore.com\/en_us\/wp-json\/wp\/v2\/types\/product"}],"replies":[{"embeddable":true,"href":"https:\/\/bogexplore.com\/en_us\/wp-json\/wp\/v2\/comments?post=2993"}],"wp:featuredmedia":[{"embeddable":true,"href":"https:\/\/bogexplore.com\/en_us\/wp-json\/wp\/v2\/media\/3114"}],"wp:attachment":[{"href":"https:\/\/bogexplore.com\/en_us\/wp-json\/wp\/v2\/media?parent=2993"}],"wp:term":[{"taxonomy":"product_brand","embeddable":true,"href":"https:\/\/bogexplore.com\/en_us\/wp-json\/wp\/v2\/product_brand?post=2993"},{"taxonomy":"product_cat","embeddable":true,"href":"https:\/\/bogexplore.com\/en_us\/wp-json\/wp\/v2\/product_cat?post=2993"},{"taxonomy":"product_tag","embeddable":true,"href":"https:\/\/bogexplore.com\/en_us\/wp-json\/wp\/v2\/product_tag?post=2993"}],"curies":[{"name":"wp","href":"https:\/\/api.w.org\/{rel}","templated":true}]}}